{"id":1757,"date":"2026-01-19T15:54:34","date_gmt":"2026-01-19T15:54:34","guid":{"rendered":"https:\/\/mercadal.com.es\/?page_id=1757"},"modified":"2026-01-22T16:23:17","modified_gmt":"2026-01-22T16:23:17","slug":"home-3","status":"publish","type":"page","link":"https:\/\/mercadal.com.es\/","title":{"rendered":"Home"},"content":{"rendered":"\t\t<div data-elementor-type=\"wp-page\" data-elementor-id=\"1757\" class=\"elementor elementor-1757\">\n\t\t\t\t<div class=\"wpr-parallax-multi-layer\" scalar-speed=\"10\" direction=\"no\" style=\"overflow: hidden;\"><div data-depth=\"0.4\" style-top=\"0%\" style-left=\"-10%\" class=\"wpr-parallax-ml-children elementor-repeater-item-303c88f\"><img decoding=\"async\" src=\"https:\/\/mercadal.com.es\/wp-content\/uploads\/2023\/12\/img-2.png\"><\/div><div data-depth=\"0.4\" style-top=\"-20%\" style-left=\"20%\" class=\"wpr-parallax-ml-children elementor-repeater-item-122bbc8\"><img decoding=\"async\" src=\"https:\/\/mercadal.com.es\/wp-content\/uploads\/2023\/12\/img-3.png\"><\/div><\/div><div class=\"elementor-element elementor-element-f28b8dd wpr-parallax-yes e-flex e-con-boxed wpr-particle-no wpr-sticky-section-no e-con e-parent\" data-id=\"f28b8dd\" data-element_type=\"container\" data-e-type=\"container\" data-settings=\"{&quot;background_background&quot;:&quot;classic&quot;}\">\n\t\t\t\t\t<div class=\"e-con-inner\">\n\t\t<div class=\"elementor-element elementor-element-b76d930 e-con-full elementor-hidden-mobile e-flex wpr-particle-no wpr-jarallax-no wpr-parallax-no wpr-sticky-section-no e-con e-child\" data-id=\"b76d930\" data-element_type=\"container\" data-e-type=\"container\">\n\t\t\t\t<\/div>\n\t\t<div class=\"elementor-element elementor-element-109a333 e-flex e-con-boxed wpr-particle-no wpr-jarallax-no wpr-parallax-no wpr-sticky-section-no e-con e-child\" data-id=\"109a333\" data-element_type=\"container\" data-e-type=\"container\">\n\t\t\t\t\t<div class=\"e-con-inner\">\n\t\t\t\t<div class=\"elementor-element elementor-element-abd294d elementor-widget elementor-widget-heading\" data-id=\"abd294d\" data-element_type=\"widget\" data-e-type=\"widget\" data-widget_type=\"heading.default\">\n\t\t\t\t\t<h1 class=\"elementor-heading-title elementor-size-default\">Catalunya tardeja<\/h1>\t\t\t\t<\/div>\n\t\t\t\t<div class=\"elementor-element elementor-element-843b30e elementor-widget elementor-widget-heading\" data-id=\"843b30e\" data-element_type=\"widget\" data-e-type=\"widget\" data-widget_type=\"heading.default\">\n\t\t\t\t\t<h1 class=\"elementor-heading-title elementor-size-default\">Quan la teva tarda es converteix en festa!<\/h1>\t\t\t\t<\/div>\n\t\t\t\t\t<\/div>\n\t\t\t\t<\/div>\n\t\t\t\t\t<\/div>\n\t\t\t\t<\/div>\n\t\t<div class=\"elementor-element elementor-element-de02043 e-flex e-con-boxed wpr-particle-no wpr-jarallax-no wpr-parallax-no wpr-sticky-section-no e-con e-parent\" data-id=\"de02043\" data-element_type=\"container\" data-e-type=\"container\">\n\t\t\t\t\t<div class=\"e-con-inner\">\n\t\t\t\t\t\t\t\n\t\t<img class=\"e-image-base e-2b01144-5ce0b53\" \n\t\t\t\t\tdata-interaction-id=\"2b01144\" \n\t\t\tdata-interactions=\"&#x5B;&#x5D;\"\n\t\t \n\t\t \n\t\t\t\t\t\t\t\t\tid=\"1056\"\n\t\t\t\t\t\t\t\t\t\t\t\tsrc=\"https:\/\/mercadal.com.es\/wp-content\/uploads\/2023\/12\/snail-icon-28.png\"\n\t\t\t\t\t\t\t\t\t\t\t\twidth=\"1600\"\n\t\t\t\t\t\t\t\t\t\t\t\theight=\"1600\"\n\t\t\t\t\t\t\t\t\t\t\t\tsrcset=\"https:\/\/mercadal.com.es\/wp-content\/uploads\/2023\/12\/snail-icon-28.png 1600w, https:\/\/mercadal.com.es\/wp-content\/uploads\/2023\/12\/snail-icon-28-300x300.png 300w, https:\/\/mercadal.com.es\/wp-content\/uploads\/2023\/12\/snail-icon-28-100x100.png 100w, https:\/\/mercadal.com.es\/wp-content\/uploads\/2023\/12\/snail-icon-28-600x600.png 600w, https:\/\/mercadal.com.es\/wp-content\/uploads\/2023\/12\/snail-icon-28-1024x1024.png 1024w, https:\/\/mercadal.com.es\/wp-content\/uploads\/2023\/12\/snail-icon-28-150x150.png 150w, https:\/\/mercadal.com.es\/wp-content\/uploads\/2023\/12\/snail-icon-28-768x768.png 768w, https:\/\/mercadal.com.es\/wp-content\/uploads\/2023\/12\/snail-icon-28-1536x1536.png 1536w\"\n\t\t\t\t\t\t\t\t\t\t\t\talt=\"\"\n\t\t\t\t\t\t\/>\n\t\t\t\t\t\t<\/div>\n\t\t\t\t<\/div>\n\t\t<div class=\"elementor-element elementor-element-5893722 e-flex e-con-boxed wpr-jarallax-no wpr-parallax-no wpr-sticky-section-no e-con e-parent\" data-id=\"5893722\" data-element_type=\"container\" data-e-type=\"container\">\n\t\t\t\t\t<div class=\"e-con-inner\">\n\t\t<div class=\"elementor-element elementor-element-4298afd e-con-full e-flex wpr-particle-no wpr-jarallax-no wpr-parallax-no wpr-sticky-section-no e-con e-child\" data-id=\"4298afd\" data-element_type=\"container\" data-e-type=\"container\">\n\t\t\t\t<div class=\"elementor-element elementor-element-bdad80f elementor-widget elementor-widget-heading\" data-id=\"bdad80f\" data-element_type=\"widget\" data-e-type=\"widget\" data-widget_type=\"heading.default\">\n\t\t\t\t\t<h2 class=\"elementor-heading-title elementor-size-default\">Biography<\/h2>\t\t\t\t<\/div>\n\t\t\t\t<div class=\"elementor-element elementor-element-ac9b1b7 elementor-widget elementor-widget-heading\" data-id=\"ac9b1b7\" data-element_type=\"widget\" data-e-type=\"widget\" data-widget_type=\"heading.default\">\n\t\t\t\t\t<h2 class=\"elementor-heading-title elementor-size-default\">Us informem de les darreres tend\u00e8ncies en tardeig <\/h2>\t\t\t\t<\/div>\n\t\t\t\t<div class=\"elementor-element elementor-element-209d84d elementor-widget elementor-widget-video\" data-id=\"209d84d\" data-element_type=\"widget\" data-e-type=\"widget\" data-settings=\"{&quot;youtube_url&quot;:&quot;https:\\\/\\\/www.youtube.com\\\/watch?v=Bw3biQMzhdQ&amp;list=RDBw3biQMzhdQ&amp;start_radio=1&quot;,&quot;show_image_overlay&quot;:&quot;yes&quot;,&quot;image_overlay&quot;:{&quot;url&quot;:&quot;https:\\\/\\\/mercadal.com.es\\\/wp-content\\\/uploads\\\/2025\\\/08\\\/locales-gay-friendly-en-valencia.jpg&quot;,&quot;id&quot;:1088,&quot;size&quot;:&quot;&quot;,&quot;alt&quot;:&quot;&quot;,&quot;source&quot;:&quot;library&quot;},&quot;start&quot;:3,&quot;video_type&quot;:&quot;youtube&quot;,&quot;controls&quot;:&quot;yes&quot;}\" data-widget_type=\"video.default\">\n\t\t\t\t\t\t\t<div class=\"elementor-wrapper elementor-open-inline\">\n\t\t\t<div class=\"elementor-video\"><\/div>\t\t\t\t<div class=\"elementor-custom-embed-image-overlay\" style=\"background-image: url(https:\/\/mercadal.com.es\/wp-content\/uploads\/2025\/08\/locales-gay-friendly-en-valencia.jpg);\">\n\t\t\t\t\t\t\t\t\t\t\t\t\t\t\t\t<div class=\"elementor-custom-embed-play\" role=\"button\" aria-label=\"Reproducir v\u00eddeo\" tabindex=\"0\">\n\t\t\t\t\t\t\t<svg aria-hidden=\"true\" class=\"e-font-icon-svg e-eicon-play\" viewBox=\"0 0 1000 1000\" xmlns=\"http:\/\/www.w3.org\/2000\/svg\"><path d=\"M838 162C746 71 633 25 500 25 371 25 258 71 163 162 71 254 25 367 25 500 25 633 71 746 163 837 254 929 367 979 500 979 633 979 746 933 838 837 929 746 975 633 975 500 975 367 929 254 838 162M808 192C892 279 933 379 933 500 933 621 892 725 808 808 725 892 621 938 500 938 379 938 279 896 196 808 113 725 67 621 67 500 67 379 108 279 196 192 279 108 383 62 500 62 621 62 721 108 808 192M438 392V642L642 517 438 392Z\"><\/path><\/svg>\t\t\t\t\t\t<\/div>\n\t\t\t\t\t\t\t\t\t<\/div>\n\t\t\t\t\t<\/div>\n\t\t\t\t\t\t<\/div>\n\t\t\t\t<\/div>\n\t\t\t\t\t<\/div>\n\t\t\t\t<\/div>\n\t\t<div class=\"elementor-element elementor-element-c4abaf9 e-flex e-con-boxed wpr-particle-no wpr-jarallax-no wpr-parallax-no wpr-sticky-section-no e-con e-parent\" data-id=\"c4abaf9\" data-element_type=\"container\" data-e-type=\"container\" data-settings=\"{&quot;background_background&quot;:&quot;classic&quot;}\">\n\t\t\t\t\t<div class=\"e-con-inner\">\n\t\t\t\t<div class=\"elementor-element elementor-element-4ed4433 elementor-widget__width-initial elementor-widget elementor-widget-heading\" data-id=\"4ed4433\" data-element_type=\"widget\" data-e-type=\"widget\" data-widget_type=\"heading.default\">\n\t\t\t\t\t<p class=\"elementor-heading-title elementor-size-default\">El tardeig a Catalunya \u00e9s molt m\u00e9s que una moda: \u00e9s una refer\u00e8ncia cultural i social. No nom\u00e9s passa pels bars i restaurants, sin\u00f3 que inclou activitats, passeigs, esports i experi\u00e8ncies per a totes les edats, oferint moments de desconnexi\u00f3 i gaudi compartit.\n\nAquest portal, el m\u00e9s llegit sobre tardeig, connecta milers de lectors amb plans, novetats i recomanacions, mostrant com aquesta tradici\u00f3 s\u2019ha convertit en un veritable estil de vida catal\u00e0, que combina gastronomia, oci, cultura i esport en cada tarda.<br><br>Podeu contactar amb nosaltres a tardeig.cat@gmail.com<br><br>Moltes gr\u00e0cies per la vostra visita!<br><\/p>\t\t\t\t<\/div>\n\t\t\t\t\t<\/div>\n\t\t\t\t<\/div>\n\t\t<div class=\"elementor-element elementor-element-3d11aba e-con-full e-flex wpr-particle-no wpr-jarallax-no wpr-parallax-no wpr-sticky-section-no e-con e-parent\" data-id=\"3d11aba\" data-element_type=\"container\" data-e-type=\"container\">\n\t\t\t\t<div class=\"elementor-element elementor-element-dff08cd elementor-widget elementor-widget-heading\" data-id=\"dff08cd\" data-element_type=\"widget\" data-e-type=\"widget\" data-widget_type=\"heading.default\">\n\t\t\t\t\t<h5 class=\"elementor-heading-title elementor-size-default\">PORTAL DE REFER\u00c8NCIA DE TARDEIG EN CATAL\u00c0!<\/h5>\t\t\t\t<\/div>\n\t\t\t\t<\/div>\n\t\t<div class=\"elementor-element elementor-element-5da22b2 e-flex e-con-boxed wpr-particle-no wpr-jarallax-no wpr-parallax-no wpr-sticky-section-no e-con e-parent\" data-id=\"5da22b2\" data-element_type=\"container\" data-e-type=\"container\">\n\t\t\t\t\t<div class=\"e-con-inner\">\n\t\t<div class=\"elementor-element elementor-element-57f0c29 e-con-full e-flex wpr-particle-no wpr-jarallax-no wpr-parallax-no wpr-sticky-section-no e-con e-child\" data-id=\"57f0c29\" data-element_type=\"container\" data-e-type=\"container\">\n\t\t\t\t<div class=\"elementor-element elementor-element-6b9e3cc elementor-widget elementor-widget-heading\" data-id=\"6b9e3cc\" data-element_type=\"widget\" data-e-type=\"widget\" data-widget_type=\"heading.default\">\n\t\t\t\t\t<h2 class=\"elementor-heading-title elementor-size-default\">Booking Form<\/h2>\t\t\t\t<\/div>\n\t\t\t\t<div class=\"elementor-element elementor-element-fa75eb8 elementor-widget elementor-widget-heading\" data-id=\"fa75eb8\" data-element_type=\"widget\" data-e-type=\"widget\" data-widget_type=\"heading.default\">\n\t\t\t\t\t<h2 class=\"elementor-heading-title elementor-size-default\">Contacta amb nosaltres<\/h2>\t\t\t\t<\/div>\n\t\t\t\t<div class=\"elementor-element elementor-element-a95bd87 elementor-widget elementor-widget-text-editor\" data-id=\"a95bd87\" data-element_type=\"widget\" data-e-type=\"widget\" data-widget_type=\"text-editor.default\">\n\t\t\t\t\t\t\t\t\t<p data-start=\"129\" data-end=\"313\">A <strong data-start=\"131\" data-end=\"142\">Tardeig<\/strong> estem compromesos a oferir-te la millor guia d\u2019oci de tarda de Catalunya, amb informaci\u00f3 actualitzada sobre bars, cafeteries, terrasses, pubs i esdeveniments especials.<\/p><p data-start=\"315\" data-end=\"571\">Si tens dubtes, suggeriments, vols proposar millores o col\u00b7laborar amb nosaltres, ens encantar\u00e0 escoltar-te. Tamb\u00e9 donem suport a professionals de l\u2019hostaleria i organitzadors d\u2019esdeveniments que vulguin promocionar el seu tardeig i arribar a m\u00e9s p\u00fablic.<\/p><p data-start=\"573\" data-end=\"722\">Envia\u2019ns un missatge i et respondrem tan aviat com sigui possible. Junts podem fer cr\u00e9ixer i millorar l\u2019experi\u00e8ncia del tardeig arreu de Catalunya.<\/p>\t\t\t\t\t\t\t\t<\/div>\n\t\t\t\t<div class=\"elementor-element elementor-element-57a5124 elementor-widget__width-initial wpr-step-type-number_text wpr-step-content-layout-vertical wpr-custom-styles-yes elementor-widget elementor-widget-wpr-form-builder\" data-id=\"57a5124\" data-element_type=\"widget\" data-e-type=\"widget\" data-settings=\"{&quot;success_message&quot;:&quot;Coreu enviat correctament&quot;,&quot;error_message&quot;:&quot;S&#039;ha produ\\u00eft un error a l&#039;enviar el teu missatge&quot;,&quot;button_width&quot;:{&quot;unit&quot;:&quot;%&quot;,&quot;size&quot;:100,&quot;sizes&quot;:[]},&quot;button_width_laptop&quot;:{&quot;unit&quot;:&quot;px&quot;,&quot;size&quot;:&quot;&quot;,&quot;sizes&quot;:[]},&quot;button_width_tablet&quot;:{&quot;unit&quot;:&quot;px&quot;,&quot;size&quot;:&quot;&quot;,&quot;sizes&quot;:[]},&quot;button_width_mobile&quot;:{&quot;unit&quot;:&quot;px&quot;,&quot;size&quot;:&quot;&quot;,&quot;sizes&quot;:[]},&quot;step_type&quot;:&quot;number_text&quot;,&quot;step_content_layout&quot;:&quot;vertical&quot;}\" data-widget_type=\"wpr-form-builder.default\">\n\t\t\t\t\t\t\t<form class=\"wpr-form\" method=\"post\" name=\"New Form\" page=\"Home\" page_id=\"1757\" novalidate>\n\t\t\t<input type=\"hidden\" name=\"post_id\" value=\"1757\"\/>\n\t\t\t<input type=\"hidden\" name=\"form_id\" value=\"57a5124\"\/>\n\t\t\t<input type=\"hidden\" name=\"referer_title\" value=\"\" \/>\n\n\t\t\t<div class=\"wpr-step-wrap\"><\/div>\n\t\t\t<div class=\"wpr-form-fields-wrap wpr-labels-above\">\n\t\t\t\t\t\t\t\t\t<div class=\"wpr-form-field-type-text wpr-field-group wpr-column wpr-field-group-name elementor-repeater-item-e3ad2ae\">\n\t\t\t\t\t\t\t\t\t\t\t\t\t\t<label for=\"form-field-name\" class=\"wpr-form-field-label\" data-alt-label=\"Nom\">\n\t\t\t\t\t\t\t\t\tNom\t\t\t\t\t\t\t\t<\/label>\n\t\t\t\t\t\t\t<input size=\"1 \"type=\"text\" name=\"form_fields[name]\" id=\"form-field-name\" class=\"wpr-form-field  wpr-form-field-textual\" placeholder=\"Siusplau, escriu el teu nom\">\t\t\t\t\t<\/div>\n\t\t\t\t\t\t\t\t\t<div class=\"wpr-form-field-type-email wpr-field-group wpr-column wpr-field-group-email elementor-repeater-item-4f2f6cb wpr-form-field-required\">\n\t\t\t\t\t\t\t\t\t\t\t\t\t\t<label for=\"form-field-email\" class=\"wpr-form-field-label\" data-alt-label=\"Email\">\n\t\t\t\t\t\t\t\t\tEmail\t\t\t\t\t\t\t\t<\/label>\n\t\t\t\t\t\t\t<input size=\"1 \"type=\"email\" name=\"form_fields[email]\" id=\"form-field-email\" class=\"wpr-form-field  wpr-form-field-textual\" placeholder=\"Correu electr\u00f2nic\" required=\"required\" aria-required=\"true\">\t\t\t\t\t<\/div>\n\t\t\t\t\t\t\t\t\t<div class=\"wpr-form-field-type-textarea wpr-field-group wpr-column wpr-field-group-message elementor-repeater-item-42d9f1d\">\n\t\t\t\t\t\t\t\t\t\t\t\t\t\t<label for=\"form-field-message\" class=\"wpr-form-field-label\" data-alt-label=\"Missatge que ens vols enviar\">\n\t\t\t\t\t\t\t\t\tMissatge que ens vols enviar\t\t\t\t\t\t\t\t<\/label>\n\t\t\t\t\t\t\t<textarea class=\"wpr-form-field-textual wpr-form-field \" name=\"form_fields[message]\" id=\"form-field-message\" rows=\"7\" placeholder=\"Completa aqu\u00ed el teu missatge\"><\/textarea>\t\t\t\t\t<\/div>\n\t\t\t\t<div class=\"wpr-field-group wpr-stp-btns-wrap wpr-column wpr-form-field-type-submit\" data-actions=\"[&quot;email&quot;]\" data-redirect-url=\"\" data-mailchimp-fields=\"{&quot;email_field&quot;:&quot;&quot;,&quot;first_name_field&quot;:&quot;&quot;,&quot;last_name_field&quot;:&quot;&quot;,&quot;address_field&quot;:&quot;&quot;,&quot;phone_field&quot;:&quot;&quot;,&quot;birthday_field&quot;:&quot;&quot;,&quot;group_id&quot;:&quot;&quot;}\" data-list-id=\"\">\t\t\t<button type=\"submit\" class=\"wpr-button\">\n\t\t\t\t<span >\n\t\t\t\t\t\t\t\t\t\t\t\t\t\t\t\t<span>Enviar<\/span>\n\t\t\t\t\t\t\t\t\t\t\t\t\t\t<\/span>\t\n\t\t\t\t<div class=\"wpr-double-bounce wpr-loader-hidden\">\n\t\t\t\t\t<div class=\"wpr-child wpr-double-bounce1\"><\/div>\n\t\t\t\t\t<div class=\"wpr-child wpr-double-bounce2\"><\/div>\n\t\t\t\t<\/div>\n\t\t\t<\/button>\n\t\t<\/div>\t\t\t\t\n\t\t\t<\/div>\n\t\t<\/form>\n\t  \t\t\t\t<\/div>\n\t\t\t\t<\/div>\n\t\t\t\t\t<\/div>\n\t\t\t\t<\/div>\n\t\t<div class=\"elementor-element elementor-element-6a62764 e-flex e-con-boxed wpr-particle-no wpr-jarallax-no wpr-parallax-no wpr-sticky-section-no e-con e-parent\" data-id=\"6a62764\" data-element_type=\"container\" data-e-type=\"container\">\n\t\t\t\t\t<div class=\"e-con-inner\">\n\t\t\t\t\t<\/div>\n\t\t\t\t<\/div>\n\t\t<div class=\"elementor-element elementor-element-7ba8c2f e-flex e-con-boxed wpr-particle-no wpr-jarallax-no wpr-parallax-no wpr-sticky-section-no e-con e-parent\" data-id=\"7ba8c2f\" data-element_type=\"container\" data-e-type=\"container\">\n\t\t\t\t\t<div class=\"e-con-inner\">\n\t\t\t\t\t<\/div>\n\t\t\t\t<\/div>\n\t\t<div class=\"elementor-element elementor-element-undefined-ef12565 e-flex e-con-boxed wpr-particle-no wpr-jarallax-no wpr-parallax-no wpr-sticky-section-no e-con e-parent\" data-id=\"undefined-ef12565\" data-element_type=\"container\" data-e-type=\"container\" data-settings=\"{&quot;background_background&quot;:&quot;classic&quot;}\">\n\t\t\t\t\t<div class=\"e-con-inner\">\n\t\t<div class=\"elementor-element elementor-element-undefined-61a8f78 e-flex e-con-boxed wpr-particle-no wpr-jarallax-no wpr-parallax-no wpr-sticky-section-no e-con e-child\" data-id=\"undefined-61a8f78\" data-element_type=\"container\" data-e-type=\"container\" data-settings=\"{&quot;background_background&quot;:&quot;classic&quot;}\">\n\t\t\t\t\t<div class=\"e-con-inner\">\n\t\t\t\t<div class=\"elementor-element elementor-element-undefined-1d4470b elementor-widget elementor-widget-text-editor\" data-id=\"undefined-1d4470b\" data-element_type=\"widget\" data-e-type=\"widget\" data-widget_type=\"text-editor.default\">\n\t\t\t\t\t\t\t\t\t<p>No necessitem alcohol per passar-ho b\u00e9. La veritable diversi\u00f3 ve de compartir moments amb amics, riure, ballar, parlar i crear records, no de perdre el control. Beure en exc\u00e9s pot portar problemes de salut, accidents i situacions inc\u00f2modes que arru\u00efnen la festa. Gaudir sense alcohol significa mantenir la ment clara, prendre decisions segures i recordar cada instant amb alegria. La diversi\u00f3 aut\u00e8ntica no dep\u00e8n d\u2019una beguda, dep\u00e8n de nosaltres i de com decidim viure el moment.<\/p>\t\t\t\t\t\t\t\t<\/div>\n\t\t\t\t<div class=\"elementor-element elementor-element-undefined-c34b48b elementor-widget elementor-widget-heading\" data-id=\"undefined-c34b48b\" data-element_type=\"widget\" data-e-type=\"widget\" data-widget_type=\"heading.default\">\n\t\t\t\t\t<h2 class=\"elementor-heading-title elementor-size-default\">Menys alcohol, m\u00e9s control: la diversi\u00f3 no necessita excessos<\/h2>\t\t\t\t<\/div>\n\t\t\t\t<div class=\"elementor-element elementor-element-undefined-85be45a elementor-widget__width-auto elementor-align-right elementor-button-warning elementor-widget elementor-widget-button\" data-id=\"undefined-85be45a\" data-element_type=\"widget\" data-e-type=\"widget\" data-widget_type=\"button.default\">\n\t\t\t\t\t\t\t\t\t\t<a class=\"elementor-button elementor-button-link elementor-size-sm\" href=\"#\">\n\t\t\t\t\t\t<span class=\"elementor-button-content-wrapper\">\n\t\t\t\t\t\t\t\t\t<span class=\"elementor-button-text\">ACCEPTO<\/span>\n\t\t\t\t\t<\/span>\n\t\t\t\t\t<\/a>\n\t\t\t\t\t\t\t\t<\/div>\n\t\t\t\t\t<\/div>\n\t\t\t\t<\/div>\n\t\t\t\t\t<\/div>\n\t\t\t\t<\/div>\n\t\t<div class=\"elementor-element elementor-element-c74debb e-flex e-con-boxed wpr-particle-no wpr-jarallax-no wpr-parallax-no wpr-sticky-section-no e-con e-parent\" data-id=\"c74debb\" data-element_type=\"container\" data-e-type=\"container\">\n\t\t\t\t\t<div class=\"e-con-inner\">\n\t\t\t\t\t<\/div>\n\t\t\t\t<\/div>\n\t\t\t\t<\/div>\n\t\t","protected":false},"excerpt":{"rendered":"<p>Catalunya tardeja Quan la teva tarda es converteix en festa! Biography Us informem de les darreres tend\u00e8ncies en tardeig https:\/\/www.youtube.com\/watch?v=Bw3biQMzhdQ&#038;list=RDBw3biQMzhdQ&#038;start_radio=1 El tardeig a Catalunya \u00e9s molt m\u00e9s que una moda: \u00e9s una refer\u00e8ncia cultural i social. No nom\u00e9s passa pels bars i restaurants, sin\u00f3 que inclou activitats, passeigs, esports i experi\u00e8ncies per a totes les edats, oferint moments de desconnexi\u00f3 i gaudi compartit. Aquest portal, el m\u00e9s llegit sobre tardeig, connecta milers de lectors amb plans, novetats i recomanacions, mostrant com aquesta tradici\u00f3 s\u2019ha convertit en un veritable estil de vida catal\u00e0, que combina gastronomia, oci, cultura i esport en cada tarda. Podeu contactar amb nosaltres a tardeig.cat@gmail.com Moltes gr\u00e0cies per la vostra visita! PORTAL DE REFER\u00c8NCIA DE TARDEIG EN CATAL\u00c0! Booking Form Contacta amb nosaltres A Tardeig estem compromesos a oferir-te la millor guia d\u2019oci de tarda de Catalunya, amb informaci\u00f3 actualitzada sobre bars, cafeteries, terrasses, pubs i esdeveniments especials. Si tens dubtes, suggeriments, vols proposar millores o col\u00b7laborar amb nosaltres, ens encantar\u00e0 escoltar-te. Tamb\u00e9 donem suport a professionals de l\u2019hostaleria i organitzadors d\u2019esdeveniments que vulguin promocionar el seu tardeig i arribar a m\u00e9s p\u00fablic. Envia\u2019ns un missatge i et respondrem tan aviat com sigui possible. Junts podem fer cr\u00e9ixer i millorar l\u2019experi\u00e8ncia del tardeig arreu de Catalunya. Nom Email Missatge que ens vols enviar Enviar No necessitem alcohol per passar-ho b\u00e9. La veritable diversi\u00f3 ve de compartir moments amb amics, riure, ballar, parlar i crear records, no de perdre el control. Beure en exc\u00e9s pot portar problemes de salut, accidents i situacions inc\u00f2modes que arru\u00efnen la festa. Gaudir sense alcohol significa mantenir la ment clara, prendre decisions segures i recordar cada instant amb alegria. La diversi\u00f3 aut\u00e8ntica no dep\u00e8n d\u2019una beguda, dep\u00e8n de nosaltres i de com decidim viure el moment. Menys alcohol, m\u00e9s control: la diversi\u00f3 no necessita excessos ACCEPTO<\/p>\n","protected":false},"author":1,"featured_media":0,"parent":0,"menu_order":0,"comment_status":"closed","ping_status":"closed","template":"elementor_canvas","meta":{"_monsterinsights_skip_tracking":false,"_monsterinsights_sitenote_active":false,"_monsterinsights_sitenote_note":"","_monsterinsights_sitenote_category":0,"footnotes":""},"class_list":["post-1757","page","type-page","status-publish","hentry"],"_links":{"self":[{"href":"https:\/\/mercadal.com.es\/index.php\/wp-json\/wp\/v2\/pages\/1757","targetHints":{"allow":["GET"]}}],"collection":[{"href":"https:\/\/mercadal.com.es\/index.php\/wp-json\/wp\/v2\/pages"}],"about":[{"href":"https:\/\/mercadal.com.es\/index.php\/wp-json\/wp\/v2\/types\/page"}],"author":[{"embeddable":true,"href":"https:\/\/mercadal.com.es\/index.php\/wp-json\/wp\/v2\/users\/1"}],"replies":[{"embeddable":true,"href":"https:\/\/mercadal.com.es\/index.php\/wp-json\/wp\/v2\/comments?post=1757"}],"version-history":[{"count":14,"href":"https:\/\/mercadal.com.es\/index.php\/wp-json\/wp\/v2\/pages\/1757\/revisions"}],"predecessor-version":[{"id":1886,"href":"https:\/\/mercadal.com.es\/index.php\/wp-json\/wp\/v2\/pages\/1757\/revisions\/1886"}],"wp:attachment":[{"href":"https:\/\/mercadal.com.es\/index.php\/wp-json\/wp\/v2\/media?parent=1757"}],"curies":[{"name":"wp","href":"https:\/\/api.w.org\/{rel}","templated":true}]}}